{"id":18733,"date":"2021-08-24T15:29:07","date_gmt":"2021-08-24T15:29:07","guid":{"rendered":"https:\/\/tech.marffa.com\/drhorvath\/?page_id=18733"},"modified":"2026-02-11T16:36:37","modified_gmt":"2026-02-11T16:36:37","slug":"dr-nicole-horvath","status":"publish","type":"page","link":"https:\/\/www.drhorvath.de\/en\/dr-nicole-horvath\/","title":{"rendered":"en nicole Horvath"},"content":{"rendered":"\t\t<div data-elementor-type=\"wp-page\" data-elementor-id=\"18733\" class=\"elementor elementor-18733 elementor-1981\" data-elementor-post-type=\"page\">\n\t\t\t\t\t\t<section class=\"elementor-section elementor-top-section elementor-element elementor-element-adc8835 elementor-section-boxed elementor-section-height-default elementor-section-height-default\" data-id=\"adc8835\" data-element_type=\"section\">\n\t\t\t\t\t\t<div class=\"elementor-container elementor-column-gap-default\">\n\t\t\t\t\t<div class=\"elementor-column elementor-col-100 elementor-top-column elementor-element elementor-element-faca177\" data-id=\"faca177\" data-element_type=\"column\">\n\t\t\t<div class=\"elementor-widget-wrap\">\n\t\t\t\t\t\t\t<\/div>\n\t\t<\/div>\n\t\t\t\t\t<\/div>\n\t\t<\/section>\n\t\t\t\t<section class=\"elementor-section elementor-top-section elementor-element elementor-element-d790e8e elementor-section-boxed elementor-section-height-default elementor-section-height-default\" data-id=\"d790e8e\" data-element_type=\"section\">\n\t\t\t\t\t\t<div class=\"elementor-container elementor-column-gap-default\">\n\t\t\t\t\t<div class=\"elementor-column elementor-col-100 elementor-top-column elementor-element elementor-element-b429d70\" data-id=\"b429d70\" data-element_type=\"column\">\n\t\t\t<div class=\"elementor-widget-wrap elementor-element-populated\">\n\t\t\t\t\t\t<div class=\"elementor-element elementor-element-0091d82 elementor-cta--tablet-header-center elementor-cta--mobile-header-flex-start elementor-header--tablet-text-center elementor-header--mobile-text-left elementor-widget elementor-widget-title-subtitle\" data-id=\"0091d82\" data-element_type=\"widget\" data-widget_type=\"title-subtitle.default\">\n\t\t\t\t<div class=\"elementor-widget-container\">\n\t\t\t\t\t\n\t\t<!-- TEXT + IMAGE CARD START -->\n\t\t<section class=\"card text-with-image-card card__content-ahead\"><div class=\"content-ahead\">\n\t\t\t<div class=\"content-ahead_title \"><h1 class=\"p1\">Dr. Nicole Horvath: Your Specialist for Modern Orthodontics and Aesthetics<\/h1>\n\t\t\t<\/div><div class=\"content-ahead_description\">\n\t\t\t\t<p class=\"p1\">I love my profession and consider it a great privilege to accompany people on their journey toward a healthy and beautiful smile. My focus is on modern orthodontics that perfectly unites aesthetics and function<\/p>\n\t\t\t\t<\/div><\/div><div class=\"card__wrapper\">\n\n        <div class=\"card__content card_content_background\">\n\n\t\t<div class=\"card__content_body\"><div class=\"card__content_subtitle\"><p>Specialist Dentist for Orthodontics<\/p><\/div><h3 class=\"card__content_title gradient-custom\" style=\"background:-webkit-linear-gradient(315deg,#14474A,#417E84);-webkit-background-clip:text;-webkit-text-fill-color:transparent;display:-moz-box;\">Dr. med. dent. Nicole Horvath<\/h3><div class=\"card__content_description\">\n\t\t\t<p class=\"p1\">\"I am convinced: Trust begins with feeling perceived not just as a patient, but as a person.\"<\/p>\n\t\t\t<\/div><\/div><\/div>\t\t<div class=\"card__media desktopOnly\">\n                            <img decoding=\"async\" src=\"https:\/\/www.drhorvath.de\/wp-content\/uploads\/2023\/12\/dr_nicole_horvath_grauer_hintergrund.jpg\" alt=\"&lt;p&gt;Specialist Dentist for Orthodontics&lt;\/p&gt;\">\n                    <\/div>\n\n        <div class=\"card__media mobileOnly\">\n                            <img decoding=\"async\" src=\"https:\/\/www.drhorvath.de\/wp-content\/uploads\/2023\/12\/dr_nicole_horvath_grauer_hintergrund_mobil.jpg\" alt=\"&lt;p&gt;Specialist Dentist for Orthodontics&lt;\/p&gt;\">\n                    <\/div>\n        \n\t\t\n\t\t<div class=\"card__popup desktopOnly\">\n\t\t<div class=\"card__popup_wrapper popup_background\">\n\t\t<div class=\"card__popup_title\"><p>Specialist Dentist for Orthodontics<\/p><\/div>\n\t\t<div class=\"card__popup_content\">\n\t\t<div class=\"card__popup_body\">\n\t\t\n\t\t<\/div>\n\t\t<\/div>\n\t\t<\/div>\n\t\t<\/div>\n\t\t<div class=\"card__popup mobileOnly\">\n\t\t<div class=\"card__popup_wrapper popup_background_mobile\">\n\t\t<div class=\"card__popup_title\"><p>Specialist Dentist for Orthodontics<\/p><\/div>\n\t\t<div class=\"card__popup_content\">\n\t\t<div class=\"card__popup_body\">\n\t\t\n\t\t<\/div>\n\t\t<\/div>\n\t\t<\/div>\n\t\t<\/div>\n\t\t<\/div>\n\t\t<\/section>\n\t\t<!-- TEXT + IMAGE CARD END -->\n\t\t\t\t\t\t<\/div>\n\t\t\t\t<\/div>\n\t\t\t\t\t<\/div>\n\t\t<\/div>\n\t\t\t\t\t<\/div>\n\t\t<\/section>\n\t\t<div class=\"elementor-element elementor-element-7db8294 e-flex e-con-boxed e-con e-parent\" data-id=\"7db8294\" data-element_type=\"container\">\n\t\t\t\t\t<div class=\"e-con-inner\">\n\t\t\t\t<div class=\"elementor-element elementor-element-8464779 elementor-cta--header-center elementor-cta--tablet-header-center elementor-cta--mobile-header-flex-start elementor-header--text-center elementor-header--tablet-text-center elementor-header--mobile-text-left elementor-widget elementor-widget-title-subtitle\" data-id=\"8464779\" data-element_type=\"widget\" data-widget_type=\"title-subtitle.default\">\n\t\t\t\t<div class=\"elementor-widget-container\">\n\t\t\t\t\t\n\t\t<!-- TEXT + IMAGE CARD START -->\n\t\t<section class=\"card text-with-image-card card__content-ahead\"><div class=\"content-ahead\">\n\t\t\t<div class=\"content-ahead_title \"><h2 class=\"p1\">My Path: Precision and Warmth for Your Well-being<\/h2>\n\t\t\t<\/div><div class=\"content-ahead_description\">\n\t\t\t\t<p class=\"p1\">For me, correcting teeth is far more than just a craft. It is a holistic approach that includes the health of the entire jaw and strengthens your self-confidence. My attitude is defined by attentiveness, warmth, and authenticity, both in life and in the practice.<\/p>\n\t\t\t\t<\/div><\/div><div class=\"card__wrapper\">\n\n        <div class=\"card__content card_content_background\">\n\n\t\t<div class=\"card__content_body\"><div class=\"card__content_subtitle\"><\/div><h3 class=\"card__content_title card__content_title-simple\">Modern Orthodontics for a Smile that Unites Aesthetics and Health<\/h3><div class=\"card__content_description\">\n\t\t\t<p class=\"p1\">In my work, I combine holistic, modern orthodontics with warm and authentic care, where you as a person are always at the center of everything I do.<\/p>\n\t\t\t<\/div><\/div><\/div>\t\t<div class=\"card__media desktopOnly\">\n                            <img decoding=\"async\" src=\"https:\/\/www.drhorvath.de\/wp-content\/uploads\/2025\/08\/dr-nicole-horvath-invisalign-beratung-patientin-jestetten-1.jpg\" alt=\"\">\n                    <\/div>\n\n        <div class=\"card__media mobileOnly\">\n                            <img decoding=\"async\" src=\"https:\/\/www.drhorvath.de\/wp-content\/uploads\/2025\/08\/dr-nicole-horvath-invisalign-beratung-patientin-jestetten_mobil-1.jpg\" alt=\"\">\n                    <\/div>\n        \n\t\t\n\t\t<div class=\"card__popup desktopOnly\">\n\t\t<div class=\"card__popup_wrapper popup_background\">\n\t\t<div class=\"card__popup_title\"><\/div>\n\t\t<div class=\"card__popup_content\">\n\t\t<div class=\"card__popup_body\">\n\t\t\n\t\t<\/div>\n\t\t<\/div>\n\t\t<\/div>\n\t\t<\/div>\n\t\t<div class=\"card__popup mobileOnly\">\n\t\t<div class=\"card__popup_wrapper popup_background_mobile\">\n\t\t<div class=\"card__popup_title\"><\/div>\n\t\t<div class=\"card__popup_content\">\n\t\t<div class=\"card__popup_body\">\n\t\t\n\t\t<\/div>\n\t\t<\/div>\n\t\t<\/div>\n\t\t<\/div>\n\t\t<\/div>\n\t\t<\/section>\n\t\t<!-- TEXT + IMAGE CARD END -->\n\t\t\t\t\t\t<\/div>\n\t\t\t\t<\/div>\n\t\t\t\t\t<\/div>\n\t\t\t\t<\/div>\n\t\t<div class=\"elementor-element elementor-element-256915d e-flex e-con-boxed e-con e-parent\" data-id=\"256915d\" data-element_type=\"container\">\n\t\t\t\t\t<div class=\"e-con-inner\">\n\t\t\t\t<div class=\"elementor-element elementor-element-5a7e541 elementor-cta--header-center elementor-cta--tablet-header-center elementor-cta--mobile-header-flex-start elementor-header--text-center elementor-header--tablet-text-center elementor-header--mobile-text-left elementor-widget elementor-widget-title-subtitle\" data-id=\"5a7e541\" data-element_type=\"widget\" data-widget_type=\"title-subtitle.default\">\n\t\t\t\t<div class=\"elementor-widget-container\">\n\t\t\t\t\t\n\t\t<!-- TEXT + IMAGE CARD START -->\n\t\t<section class=\"card text-with-image-card card__content-ahead\"><div class=\"content-ahead\">\n\t\t\t<div class=\"content-ahead_title \"><h2 class=\"p1\">Spezialisierung auf modernste Verfahren f\u00fcr Erwachsene<\/h2>\n\t\t\t<\/div><div class=\"content-ahead_description\">\n\t\t\t\t<p class=\"p1\">Your dental health deserves the highest level of specialization. Following my degree in dentistry, I completed several years of highly specialized, full-time postgraduate training to become a Specialist Orthodontist. This expertise allows me to correct even <a href=\"\/en\/braces\/\"><span class=\"s1\">complex tooth and jaw misalignments<\/span><\/a> using the latest scientific methods.<\/p><p class=\"p1\">A particular focus of my work is the treatment of adult patients. Thanks to modern, nearly invisible procedures such as <a href=\"\/en\/invisalign\/\"><span class=\"s1\">aligner therapies<\/span><\/a>, we can now integrate dental corrections into your daily life more discreetly and efficiently than ever before. Whether it is an aesthetic refinement or a complex correction: the goal is always a healthy, functional, and aesthetic long-term result at a gold-standard level.<\/p>\n\t\t\t\t<\/div><\/div><div class=\"card__wrapper\">\n\n        <div class=\"card__content card_content_background\">\n\n\t\t<div class=\"card__content_body\"><div class=\"card__content_subtitle\"><\/div><h3 class=\"card__content_title card__content_title-simple\">Visible Results through Invisible Precision<\/h3><div class=\"card__content_description\">\n\t\t\t<p class=\"p1\">As a Specialist Orthodontist, I offer adults highly efficient, nearly invisible aligner therapies and holistic solutions at the forefront of science for an aesthetic, long-term result.<\/p>\n\t\t\t<\/div><\/div><\/div>\t\t<div class=\"card__media desktopOnly\">\n                            <img decoding=\"async\" src=\"https:\/\/www.drhorvath.de\/wp-content\/uploads\/2025\/07\/invisalign-beratung-dr-nicole-horvath-kieferorthopaedie-jestetten.jpg\" alt=\"Dr. Nicole Horvath, Fachzahn\u00e4rztin f\u00fcr Kieferorthop\u00e4die ber\u00e4t eine Patientin zu Invisalign in unserer Praxis in Jestetten.\">\n                    <\/div>\n\n        <div class=\"card__media mobileOnly\">\n                            <img decoding=\"async\" src=\"https:\/\/www.drhorvath.de\/wp-content\/uploads\/2025\/07\/invisalign-beratung-dr-nicole-horvath-kieferorthopaedie-jestetten_mobil.jpg\" alt=\"Dr. Nicole Horvath zeigt erwachsener Patientin eine Invisalign-Schiene in der Zahnarztpraxis Jestetten, Raum Z\u00fcrich \u2013 \u00e4sthetische Zahnkorrekturen.\">\n                    <\/div>\n        \n\t\t\n\t\t<div class=\"card__popup desktopOnly\">\n\t\t<div class=\"card__popup_wrapper popup_background\">\n\t\t<div class=\"card__popup_title\"><\/div>\n\t\t<div class=\"card__popup_content\">\n\t\t<div class=\"card__popup_body\">\n\t\t\n\t\t<\/div>\n\t\t<\/div>\n\t\t<\/div>\n\t\t<\/div>\n\t\t<div class=\"card__popup mobileOnly\">\n\t\t<div class=\"card__popup_wrapper popup_background_mobile\">\n\t\t<div class=\"card__popup_title\"><\/div>\n\t\t<div class=\"card__popup_content\">\n\t\t<div class=\"card__popup_body\">\n\t\t\n\t\t<\/div>\n\t\t<\/div>\n\t\t<\/div>\n\t\t<\/div>\n\t\t<\/div>\n\t\t<\/section>\n\t\t<!-- TEXT + IMAGE CARD END -->\n\t\t\t\t\t\t<\/div>\n\t\t\t\t<\/div>\n\t\t\t\t\t<\/div>\n\t\t\t\t<\/div>\n\t\t<div class=\"elementor-element elementor-element-0719504 e-flex e-con-boxed e-con e-parent\" data-id=\"0719504\" data-element_type=\"container\">\n\t\t\t\t\t<div class=\"e-con-inner\">\n\t\t\t\t<div class=\"elementor-element elementor-element-0639ed8 indeviduel elementor-cta--header-center elementor-cta--tablet-header-center elementor-cta--mobile-header-flex-start elementor-header--text-center elementor-header--tablet-text-center elementor-header--mobile-text-left elementor-widget elementor-widget-title-subtitle\" data-id=\"0639ed8\" data-element_type=\"widget\" data-widget_type=\"title-subtitle.default\">\n\t\t\t\t<div class=\"elementor-widget-container\">\n\t\t\t\t\t\n\t\t<!-- TEXT + IMAGE CARD START -->\n\t\t<section class=\"card text-with-image-card card__content-ahead\"><div class=\"content-ahead\">\n\t\t\t<div class=\"content-ahead_title \">\n\t\t\t<\/div><div class=\"content-ahead_description\">\n\t\t\t\t<p class=\"p1\">In addition to my orthodontic focus, I contribute my expertise as a certified member of the German Society for Dental Sleep Medicine (DGZS) to help patients improve their quality of life with individual solutions (such as <a href=\"\/en\/snoring-splint\/\"><span class=\"s1\">snoring guards<\/span><\/a>) when needed.<\/p><p class=\"p1\">As a speaker at our own <a href=\"\/en\/academy\/\"><span class=\"s1\">academy<\/span><\/a>, I regularly share my knowledge of innovative orthodontic procedures with professional colleagues. This constant exchange ensures that your smile is always treated according to the most current scientific standards.<\/p>\n\t\t\t\t<\/div><\/div><div class=\"card__wrapper\">\n\n        <div class=\"card__content card_content_background\">\n\n\t\t<div class=\"card__content_body\"><div class=\"card__content_subtitle\"><\/div><h3 class=\"card__content_title card__content_title-simple\">Platinum Expertise for Your Invisalign Treatment<\/h3><div class=\"card__content_description secondLincColor\">\n\t\t\t<p class=\"p1\">\"<span style=\"font-family: arial, sans-serif;\">I am proud to be recognized as a Platinum Invisalign Provider. For me, this status is a meaningful seal of quality, reflecting the daily routine and clinical expertise I use to guide you safely and precisely toward your new smile.\"<\/span><\/p>\n\t\t\t<\/div><\/div><\/div>\t\t<div class=\"card__media desktopOnly\">\n                            <img decoding=\"async\" src=\"https:\/\/www.drhorvath.de\/wp-content\/uploads\/2026\/02\/zahnarzt-dr-horvath-jestetten-praxis-desktop.001-scaled.jpg\" alt=\"Auszeichnung f\u00fcr Dr. Nicole Horvath als Invisalign Platinum Provider f\u00fcr herausragende Expertise in der Aligner-Therapie.\">\n                    <\/div>\n\n        <div class=\"card__media mobileOnly\">\n                            <img decoding=\"async\" src=\"https:\/\/www.drhorvath.de\/wp-content\/uploads\/2026\/02\/zahnarzt-dr-horvath-jestetten-praxis-mobile.001.jpg\" alt=\"Auszeichnung f\u00fcr Dr. Nicole Horvath als Invisalign Platinum Provider f\u00fcr herausragende Expertise in der Aligner-Therapie.\">\n                    <\/div>\n        \n\t\t\n\t\t<div class=\"card__popup desktopOnly\">\n\t\t<div class=\"card__popup_wrapper popup_background\">\n\t\t<div class=\"card__popup_title\"><\/div>\n\t\t<div class=\"card__popup_content\">\n\t\t<div class=\"card__popup_body\">\n\t\t\n\t\t<\/div>\n\t\t<\/div>\n\t\t<\/div>\n\t\t<\/div>\n\t\t<div class=\"card__popup mobileOnly\">\n\t\t<div class=\"card__popup_wrapper popup_background_mobile\">\n\t\t<div class=\"card__popup_title\"><\/div>\n\t\t<div class=\"card__popup_content\">\n\t\t<div class=\"card__popup_body\">\n\t\t\n\t\t<\/div>\n\t\t<\/div>\n\t\t<\/div>\n\t\t<\/div>\n\t\t<\/div>\n\t\t<\/section>\n\t\t<!-- TEXT + IMAGE CARD END -->\n\t\t\t\t\t\t<\/div>\n\t\t\t\t<\/div>\n\t\t\t\t\t<\/div>\n\t\t\t\t<\/div>\n\t\t<div class=\"elementor-element elementor-element-b4fbc16 e-flex e-con-boxed e-con e-parent\" data-id=\"b4fbc16\" data-element_type=\"container\">\n\t\t\t\t\t<div class=\"e-con-inner\">\n\t\t\t\t<div class=\"elementor-element elementor-element-b32d57a elementor-cta--header-center elementor-cta--tablet-header-center elementor-cta--mobile-header-flex-start elementor-header--text-center elementor-header--tablet-text-center elementor-header--mobile-text-left elementor-widget elementor-widget-title-subtitle\" data-id=\"b32d57a\" data-element_type=\"widget\" data-widget_type=\"title-subtitle.default\">\n\t\t\t\t<div class=\"elementor-widget-container\">\n\t\t\t\t\t\n\t\t<!-- TEXT + IMAGE CARD START -->\n\t\t<section class=\"card text-with-image-card card__content-ahead\"><div class=\"content-ahead\">\n\t\t\t<div class=\"content-ahead_title \"><h2 class=\"p1\">Life Outside the Practice: Family, Relaxation, and Enjoyment<\/h2>\n\t\t\t<\/div><div class=\"content-ahead_description\">\n\t\t\t\t<p class=\"p1\">The balance between family and career is very important to me. I am a mother of two wonderful children and have a great husband by my side. This understanding of family needs flows directly into my work, especially when treating our youngest patients.<\/p><p class=\"p1\">I recharge my energy through the beautiful side of everyday life: I enjoy relaxing hours practicing yoga or by the pool, as well as inspiring books and beautiful design. In winter, I am drawn to the ski slopes. In summer, I love visiting Italy, preferably with a cappuccino in hand. The joie de vivre, the style, and the excellent cuisine of that country never fail to inspire me.<\/p><p class=\"p1\">These impressions help me care for every patient with a clear perspective and full empathy.<\/p>\n\t\t\t\t<\/div><\/div><div class=\"card__wrapper\">\n\n        <div class=\"card__content card_content_background\">\n\n\t\t<div class=\"card__content_body\"><div class=\"card__content_subtitle\"><\/div><h3 class=\"card__content_title card__content_title-simple\">Driven by passion. From our family to yours.<\/h3><\/div><\/div>\t\t<div class=\"card__media desktopOnly\">\n                            <img decoding=\"async\" src=\"https:\/\/www.drhorvath.de\/wp-content\/uploads\/2021\/08\/desktop_38.jpg\" alt=\"Ein Portrait von Familie Horvath. Darauf zu sehen sind Dr. Nicole Horvath, Dr. Sebastian Horvath, Dr. Domonkos Horvath und Frau Barbara Horvath.\">\n                    <\/div>\n\n        <div class=\"card__media mobileOnly\">\n                            <img decoding=\"async\" src=\"https:\/\/www.drhorvath.de\/wp-content\/uploads\/2021\/08\/mobile_38.jpg\" alt=\"Ein Portrait von Familie Horvath. Darauf zu sehen sind Dr. Nicole Horvath, Dr. Sebastian Horvath, Dr. Domonkos Horvath und Frau Barbara Horvath.\">\n                    <\/div>\n        \n\t\t\n\t\t<div class=\"card__popup desktopOnly\">\n\t\t<div class=\"card__popup_wrapper popup_background\">\n\t\t<div class=\"card__popup_title\"><\/div>\n\t\t<div class=\"card__popup_content\">\n\t\t<div class=\"card__popup_body\">\n\t\t\n\t\t<\/div>\n\t\t<\/div>\n\t\t<\/div>\n\t\t<\/div>\n\t\t<div class=\"card__popup mobileOnly\">\n\t\t<div class=\"card__popup_wrapper popup_background_mobile\">\n\t\t<div class=\"card__popup_title\"><\/div>\n\t\t<div class=\"card__popup_content\">\n\t\t<div class=\"card__popup_body\">\n\t\t\n\t\t<\/div>\n\t\t<\/div>\n\t\t<\/div>\n\t\t<\/div>\n\t\t<\/div>\n\t\t<\/section>\n\t\t<!-- TEXT + IMAGE CARD END -->\n\t\t\t\t\t\t<\/div>\n\t\t\t\t<\/div>\n\t\t\t\t\t<\/div>\n\t\t\t\t<\/div>\n\t\t<div class=\"elementor-element elementor-element-2c91635e simpleTextSection e-flex e-con-boxed e-con e-parent\" data-id=\"2c91635e\" data-element_type=\"container\">\n\t\t\t\t\t<div class=\"e-con-inner\">\n\t\t\t\t<div class=\"elementor-element elementor-element-5ee7fc73 elementor-widget elementor-widget-heading\" data-id=\"5ee7fc73\" data-element_type=\"widget\" data-widget_type=\"heading.default\">\n\t\t\t\t<div class=\"elementor-widget-container\">\n\t\t\t\t\t<h2 class=\"elementor-heading-title elementor-size-default\">Let us achieve your goals together\n<\/h2>\t\t\t\t<\/div>\n\t\t\t\t<\/div>\n\t\t\t\t<div class=\"elementor-element elementor-element-47f87660 simpleTextBlock elementor-widget elementor-widget-text-editor\" data-id=\"47f87660\" data-element_type=\"widget\" data-widget_type=\"text-editor.default\">\n\t\t\t\t<div class=\"elementor-widget-container\">\n\t\t\t\t\t\t\t\t\t<p class=\"p1\">I look forward to meeting you! Let\u2019s discuss in person how we can achieve the best for your smile using modern methods.<\/p>\t\t\t\t\t\t\t\t<\/div>\n\t\t\t\t<\/div>\n\t\t\t\t\t<\/div>\n\t\t\t\t<\/div>\n\t\t<div class=\"elementor-element elementor-element-6a06390 e-flex e-con-boxed e-con e-parent\" data-id=\"6a06390\" data-element_type=\"container\">\n\t\t\t\t\t<div class=\"e-con-inner\">\n\t\t\t\t<div class=\"elementor-element elementor-element-d73e5cf elementor-widget elementor-widget-quizz\" data-id=\"d73e5cf\" data-element_type=\"widget\" data-widget_type=\"quizz.default\">\n\t\t\t\t<div class=\"elementor-widget-container\">\n\t\t\t\t\t                <section class=\"card quizz-card\">\n                    <div class=\"card__wrapper\">\n                        <div class=\"card__content center-text-background\">\n\t\t\t\t\t\t\t<div class=\"card__content-background desktopOnly\">\n                                <img decoding=\"async\" src=\"https:\/\/www.drhorvath.de\/wp-content\/uploads\/2025\/12\/backgound-card-desktop.jpg\" \n                                 alt=\"en nicole Horvath\">\n                            <\/div>\n                            <div class=\"card__content-background mobileOnly\">\n                                <img decoding=\"async\" src=\"\/wp-content\/uploads\/2023\/03\/backgound-card-mobile-new.png\" \n                                 alt=\"en nicole Horvath\">\n                            <\/div>\n                            <div class=\"card__content_title\"><p class=\"p1\">Book a consultation now.<\/p><\/div>\n                            <div class=\"card__content_description\">\n                                                            <\/div>\n                            <div class=\"card__content_button\">\n                                <a id=\"card-contact-button\" href=\"\/en\/appointment\/\">Start <span class=\"icomoon-icon-right-arrow-with-line\"><\/span><\/a>\n                            <\/div>\n                        <\/div>\n                    <\/div>\n                <\/section>\n\t\t\t\t<\/div>\n\t\t\t\t<\/div>\n\t\t\t\t\t<\/div>\n\t\t\t\t<\/div>\n\t\t\t\t<\/div>\n\t\t","protected":false},"excerpt":{"rendered":"<p>Dr. Nicole Horvath: Your Specialist for Modern Orthodontics and Aesthetics I love my profession and consider it a great privilege to accompany people on their journey toward a healthy and beautiful smile. My focus is on modern orthodontics that perfectly unites aesthetics and function Specialist Dentist for Orthodontics<\/p>\n","protected":false},"author":4,"featured_media":50110,"parent":0,"menu_order":0,"comment_status":"closed","ping_status":"closed","template":"","meta":{"_acf_changed":false,"footnotes":""},"class_list":["post-18733","page","type-page","status-publish","has-post-thumbnail","hentry"],"acf":[],"_links":{"self":[{"href":"https:\/\/www.drhorvath.de\/en\/wp-json\/wp\/v2\/pages\/18733","targetHints":{"allow":["GET"]}}],"collection":[{"href":"https:\/\/www.drhorvath.de\/en\/wp-json\/wp\/v2\/pages"}],"about":[{"href":"https:\/\/www.drhorvath.de\/en\/wp-json\/wp\/v2\/types\/page"}],"author":[{"embeddable":true,"href":"https:\/\/www.drhorvath.de\/en\/wp-json\/wp\/v2\/users\/4"}],"replies":[{"embeddable":true,"href":"https:\/\/www.drhorvath.de\/en\/wp-json\/wp\/v2\/comments?post=18733"}],"version-history":[{"count":63,"href":"https:\/\/www.drhorvath.de\/en\/wp-json\/wp\/v2\/pages\/18733\/revisions"}],"predecessor-version":[{"id":71121,"href":"https:\/\/www.drhorvath.de\/en\/wp-json\/wp\/v2\/pages\/18733\/revisions\/71121"}],"wp:featuredmedia":[{"embeddable":true,"href":"https:\/\/www.drhorvath.de\/en\/wp-json\/wp\/v2\/media\/50110"}],"wp:attachment":[{"href":"https:\/\/www.drhorvath.de\/en\/wp-json\/wp\/v2\/media?parent=18733"}],"curies":[{"name":"wp","href":"https:\/\/api.w.org\/{rel}","templated":true}]}}